{"id":47,"date":"2025-04-11T20:38:52","date_gmt":"2025-04-11T18:38:52","guid":{"rendered":"https:\/\/www.marquable.fr\/?page_id=47"},"modified":"2025-09-24T18:15:37","modified_gmt":"2025-09-24T16:15:37","slug":"accueil","status":"publish","type":"page","link":"https:\/\/www.marquable.fr\/","title":{"rendered":""},"content":{"rendered":"\n<div class=\"wp-block-group has-global-padding is-layout-constrained wp-container-core-group-is-layout-ad1af2a0 wp-block-group-is-layout-constrained\" style=\"margin-top:0;margin-bottom:0;padding-top:0;padding-bottom:0\">\n<figure class=\"wp-block-image alignwide size-full\"><img loading=\"lazy\" decoding=\"async\" width=\"530\" height=\"2560\" src=\"https:\/\/www.marquable.fr\/wp-content\/uploads\/2025\/09\/marquable-creations-6-scaled.png\" alt=\"\" class=\"wp-image-414\" srcset=\"https:\/\/www.marquable.fr\/wp-content\/uploads\/2025\/09\/marquable-creations-6-scaled.png 530w, https:\/\/www.marquable.fr\/wp-content\/uploads\/2025\/09\/marquable-creations-6-62x300.png 62w, https:\/\/www.marquable.fr\/wp-content\/uploads\/2025\/09\/marquable-creations-6-212x1024.png 212w, https:\/\/www.marquable.fr\/wp-content\/uploads\/2025\/09\/marquable-creations-6-768x3710.png 768w, https:\/\/www.marquable.fr\/wp-content\/uploads\/2025\/09\/marquable-creations-6-318x1536.png 318w, https:\/\/www.marquable.fr\/wp-content\/uploads\/2025\/09\/marquable-creations-6-424x2048.png 424w\" sizes=\"auto, (max-width: 530px) 100vw, 530px\" \/><\/figure>\n<\/div>\n\n\n\n<div style=\"height:17px\" aria-hidden=\"true\" class=\"wp-block-spacer\"><\/div>\n\n\n\n<p class=\"has-text-align-center\"><strong>Marquable <\/strong>est un atelier cr\u00e9atif bas\u00e9 \u00e0 Paris 19\u00e8me, sp\u00e9cialis\u00e9 dans le marquage textile, la personnalisation d\u2019objets et le design graphique. <a href=\"https:\/\/www.marquable.fr\/?page_id=151\" data-type=\"link\" data-id=\"https:\/\/www.marquable.fr\/?page_id=151\">D\u00e9couvrez nos r\u00e9alisations d\u00e8s maintenant !<\/a><\/p>\n\n\n\n<p class=\"has-text-align-center\"><br>Nous accompagnons vos projets, du print au web, avec des solutions sur mesure et un savoir-faire artisanal.<br><a href=\"https:\/\/www.marquable.fr\/?page_id=157\" data-type=\"link\" data-id=\"https:\/\/www.marquable.fr\/?page_id=157\">Contactez-nous d\u00e8s maintenant !<\/a><\/p>\n\n\n\n<div style=\"height:7px\" aria-hidden=\"true\" class=\"wp-block-spacer\"><\/div>\n\n\n\n<p><\/p>\n","protected":false},"excerpt":{"rendered":"<p>Marquable est un atelier cr\u00e9atif bas\u00e9 \u00e0 Paris 19\u00e8me, sp\u00e9cialis\u00e9 dans le marquage textile, la personnalisation d\u2019objets et le design graphique. D\u00e9couvrez nos r\u00e9alisations d\u00e8s maintenant ! Nous accompagnons vos projets, du print au web, avec des solutions sur mesure et un savoir-faire artisanal.Contactez-nous d\u00e8s maintenant !<\/p>\n","protected":false},"author":1,"featured_media":0,"parent":0,"menu_order":0,"comment_status":"closed","ping_status":"closed","template":"","meta":{"footnotes":""},"class_list":["post-47","page","type-page","status-publish","hentry"],"_links":{"self":[{"href":"https:\/\/www.marquable.fr\/index.php?rest_route=\/wp\/v2\/pages\/47","targetHints":{"allow":["GET"]}}],"collection":[{"href":"https:\/\/www.marquable.fr\/index.php?rest_route=\/wp\/v2\/pages"}],"about":[{"href":"https:\/\/www.marquable.fr\/index.php?rest_route=\/wp\/v2\/types\/page"}],"author":[{"embeddable":true,"href":"https:\/\/www.marquable.fr\/index.php?rest_route=\/wp\/v2\/users\/1"}],"replies":[{"embeddable":true,"href":"https:\/\/www.marquable.fr\/index.php?rest_route=%2Fwp%2Fv2%2Fcomments&post=47"}],"version-history":[{"count":33,"href":"https:\/\/www.marquable.fr\/index.php?rest_route=\/wp\/v2\/pages\/47\/revisions"}],"predecessor-version":[{"id":444,"href":"https:\/\/www.marquable.fr\/index.php?rest_route=\/wp\/v2\/pages\/47\/revisions\/444"}],"wp:attachment":[{"href":"https:\/\/www.marquable.fr\/index.php?rest_route=%2Fwp%2Fv2%2Fmedia&parent=47"}],"curies":[{"name":"wp","href":"https:\/\/api.w.org\/{rel}","templated":true}]}}