{"id":418,"date":"2025-09-24T16:48:06","date_gmt":"2025-09-24T14:48:06","guid":{"rendered":"https:\/\/www.marquable.fr\/?page_id=418"},"modified":"2025-09-24T17:51:18","modified_gmt":"2025-09-24T15:51:18","slug":"qui-sommes-nous","status":"publish","type":"page","link":"https:\/\/www.marquable.fr\/?page_id=418","title":{"rendered":"Qui sommes-nous ?"},"content":{"rendered":"\n<p>Marquable est un atelier cr\u00e9atif qui m\u00eale\u00a0<strong>artisanat et modernit\u00e9<\/strong> situ\u00e9 \u00e0 Paris 19\u00e8me.<\/p>\n\n\n\n<p>Nous sommes sp\u00e9cialis\u00e9s dans la personnalisation textile et objet (s\u00e9rigraphie, broderie, DTF, gravure, 3D\u2026) et proposons \u00e9galement des services de&nbsp;<strong>graphisme, print et web<\/strong>&nbsp;pour accompagner vos projets de A \u00e0 Z.<\/p>\n\n\n\n<p>Chaque projet est unique : que ce soit pour une&nbsp;<strong>pi\u00e8ce unique, une petite s\u00e9rie ou une production plus importante<\/strong>, nous adaptons notre savoir-faire \u00e0 vos besoins. Avec une exp\u00e9rience dans l\u2019univers du textile et de la cr\u00e9ation visuelle, nous mettons un point d\u2019honneur \u00e0 garantir des r\u00e9alisations&nbsp;<strong>soign\u00e9es, durables et valorisantes<\/strong>.<\/p>\n\n\n\n<p>\ud83d\udccd Un rendez-vous est possible en&nbsp;<strong>visio, par t\u00e9l\u00e9phone ou directement \u00e0 l\u2019atelier<\/strong>, afin de d\u00e9couvrir ensemble toutes les possibilit\u00e9s et d\u00e9finir la solution la plus adapt\u00e9e \u00e0 votre projet.<\/p>\n\n\n\n<p>Contactez-nous via le <a href=\"https:\/\/www.marquable.fr\/?page_id=157\" data-type=\"link\" data-id=\"https:\/\/www.marquable.fr\/?page_id=157\">formulaire de contact<\/a><\/p>\n\n\n\n<p><\/p>\n\n\n\n<p><\/p>\n\n\n\n<p><\/p>\n","protected":false},"excerpt":{"rendered":"<p>Marquable est un atelier cr\u00e9atif qui m\u00eale\u00a0artisanat et modernit\u00e9 situ\u00e9 \u00e0 Paris 19\u00e8me. Nous sommes sp\u00e9cialis\u00e9s dans la personnalisation textile et objet (s\u00e9rigraphie, broderie, DTF, gravure, 3D\u2026) et proposons \u00e9galement des services de&nbsp;graphisme, print et web&nbsp;pour accompagner vos projets de A \u00e0 Z. Chaque projet est unique : que ce soit pour une&nbsp;pi\u00e8ce unique, une [&hellip;]<\/p>\n","protected":false},"author":1,"featured_media":0,"parent":0,"menu_order":0,"comment_status":"closed","ping_status":"closed","template":"","meta":{"footnotes":""},"class_list":["post-418","page","type-page","status-publish","hentry"],"_links":{"self":[{"href":"https:\/\/www.marquable.fr\/index.php?rest_route=\/wp\/v2\/pages\/418","targetHints":{"allow":["GET"]}}],"collection":[{"href":"https:\/\/www.marquable.fr\/index.php?rest_route=\/wp\/v2\/pages"}],"about":[{"href":"https:\/\/www.marquable.fr\/index.php?rest_route=\/wp\/v2\/types\/page"}],"author":[{"embeddable":true,"href":"https:\/\/www.marquable.fr\/index.php?rest_route=\/wp\/v2\/users\/1"}],"replies":[{"embeddable":true,"href":"https:\/\/www.marquable.fr\/index.php?rest_route=%2Fwp%2Fv2%2Fcomments&post=418"}],"version-history":[{"count":4,"href":"https:\/\/www.marquable.fr\/index.php?rest_route=\/wp\/v2\/pages\/418\/revisions"}],"predecessor-version":[{"id":426,"href":"https:\/\/www.marquable.fr\/index.php?rest_route=\/wp\/v2\/pages\/418\/revisions\/426"}],"wp:attachment":[{"href":"https:\/\/www.marquable.fr\/index.php?rest_route=%2Fwp%2Fv2%2Fmedia&parent=418"}],"curies":[{"name":"wp","href":"https:\/\/api.w.org\/{rel}","templated":true}]}}